{"id":64568,"date":"2023-12-14T09:32:30","date_gmt":"2023-12-14T08:32:30","guid":{"rendered":"https:\/\/www.royalhouseofgeorgia.ge\/?page_id=64568"},"modified":"2023-12-14T09:47:58","modified_gmt":"2023-12-14T08:47:58","slug":"cookies-policy","status":"publish","type":"page","link":"https:\/\/www.royalhouseofgeorgia.ge\/ka-ge\/cookies-policy\/","title":{"rendered":"Cookies Policy"},"content":{"rendered":"<p>[et_pb_section fb_built=&#8221;1&#8243; _builder_version=&#8221;4.16&#8243; global_colors_info=&#8221;{}&#8221; custom_padding=&#8221;0px|||||&#8221;][et_pb_row _builder_version=&#8221;4.16&#8243; background_size=&#8221;initial&#8221; background_position=&#8221;top_left&#8221; background_repeat=&#8221;repeat&#8221; global_colors_info=&#8221;{}&#8221; custom_padding=&#8221;14px|||||&#8221;][et_pb_column type=&#8221;4_4&#8243; _builder_version=&#8221;4.16&#8243; custom_padding=&#8221;|||&#8221; global_colors_info=&#8221;{}&#8221; custom_padding__hover=&#8221;|||&#8221;][et_pb_heading title=&#8221;Cookies Policy&#8221; _builder_version=&#8221;4.23.1&#8243; _module_preset=&#8221;default&#8221; title_level=&#8221;h2&#8243; global_colors_info=&#8221;{}&#8221;][\/et_pb_heading][et_pb_text _builder_version=&#8221;4.23.1&#8243; background_size=&#8221;initial&#8221; background_position=&#8221;top_left&#8221; background_repeat=&#8221;repeat&#8221; global_colors_info=&#8221;{}&#8221;]<\/p>\n<p>royalhouseofgeorgia.ge informs about the use of cookies on its website: www.royalhouseofgeorgia.ge<\/p>\n<p><strong>What are cookies?<\/strong><\/p>\n<p>Cookies are files that can be downloaded to your computer by websites. They are tools that play an essential role in essential for the provision of many information society services.<br \/>Among other things, they allow a website to store and retrieve information about the browsing habits of a user or his or her computer and, depending on the information<br \/>obtained, they can be used to recognise the user and improve the service offered.<\/p>\n<p><strong>Types of cookies<\/strong><\/p>\n<p>Depending on the entity that manages the domain from which the cookies are sent and processes the data obtained, two types of cookies can be distinguished<br \/>two types can be distinguished:<\/p>\n<p>\u2013 First-party cookies: those that are sent to the user\u2019s terminal equipment from a computer or domain managed by the publisher itself and from which the data obtained is processed by the editor itself and from which the service requested by the user is provided.<\/p>\n<p>\u2013 Third-party cookies: those that are sent to the user\u2019s terminal equipment from a computer or domain that is not managed by the editor, but by another entity that processes the data obtained through the cookies.<br \/>In the event that the cookies are installed from a computer or domain managed by the publisher itself but the information collected through them is managed by the publisher collected through these cookies is managed by a third party, they cannot be considered as own cookies.<\/p>\n<p>There is also a second classification according to the length of time they remain stored in the client\u2019s browser,<br \/>These may be:<\/p>\n<p>\u2013 Session cookies: designed to collect and store data while the user accesses a web page. They are are usually used to store information that only needs to be kept for the provision of the service requested by the user on a single occasion requested by the user on a single occasion (e.g. a list of products purchased).<\/p>\n<p>\u2013 Persistent cookies: the data remains stored in the terminal and can be accessed and processed for a defined period of time by the cookie manager.<br \/>defined by the cookie manager, which can range from a few minutes to several years.<\/p>\n<p>Finally, there is another classification with five types of cookies depending on the purpose for which the data obtained are processed:<\/p>\n<p>\u2013 Technical cookies: those that allow the user to browse through a website,<br \/>platform or application and the use of the different options or services that exist on it, such as, for example, controlling traffic and<br \/>for example, controlling traffic and data communication, identifying the session, accessing restricted access areas, remembering the elements of the<br \/>restricted access, remembering the elements that make up an order, carrying out the purchase process of an order, making applying for registration or participation in an event, using security features while browsing store content for the dissemination of videos or sound or share content through social networks.<\/p>\n<p>\u2013 Personalisation cookies: these allow the user to access the service with some general characteristics predefined according to a series of criteria in the terminal<br \/>general characteristics predefined according to a series of criteria in the user\u2019s terminal, such as, for example, language, type of browser through language, the type of browser through which the user accesses the service, the regional configuration from which the user accesses the service, etc.<\/p>\n<p>\u2013 Analysis cookies: these allow the party responsible for them to monitor and analyse the behaviour of the users of the websites to which they are sent users of the websites to which they are linked. The information collected by means of this type of cookies is used to measure the activity of the websites, application or platform and for the elaboration of browsing profiles of the users of said websites, application or platform browsing profiles of the users of these websites, applications and platforms, in order to make improvements based on the analysis of the usage data of the website, application or platform based on the analysis of the data on the use made by users of the service.<\/p>\n<p>\u2013 Advertising cookies: these enable the management, in the most efficient way possible, of advertising spaces.<\/p>\n<p>\u2013 Behavioural advertising cookies: these store information on the behaviour of users obtained through the continuous observation of their behaviour through the continuous observation of their browsing habits, which allows a specific profile to be developed in order to show advertising to display advertising based on the same.<\/p>\n<p>\u2013 External social network cookies: these are used so that visitors can interact with the content of different social platforms (facebook, youtube, etc.) different social platforms (facebook, youtube, twitter, linkedIn, etc\u2026) and that are generated only for the users of these users of these social networks. The conditions for the use of these cookies and the information collected is regulated by the privacy policy of the corresponding social platform.<\/p>\n<p><strong>Disabling and deleting cookies<\/strong><\/p>\n<p>You have the option of allowing, blocking or deleting the cookies installed on your computer by configuring the options of the browser installed on your computer browser installed on your computer. By disabling cookies, some of the services available may no longer be operational. The way to disable cookies is different for each browser, but can usually be done from the Tools or Options menu.<\/p>\n<p>You can also consult the browser\u2019s Help menu where you can find instructions. The user will be able to at any time choose which cookies you want to operate on this website.<\/p>\n<p>You can allow, block or delete the cookies installed on your computer by configuring the options of the browser installed on your computer:<\/p>\n<p>\u2013 Microsoft Internet Explorer or Microsoft Edge:<br \/>http:\/\/windows.microsoft.com\/es-es\/windows-vista\/Block-or-allow-cookies<\/p>\n<p>\u2013 Mozilla Firefox: http:\/\/support.mozilla.org\/es\/kb\/impedir-que-los-sitios-web-guarden-sus-preferencia<\/p>\n<p>\u2013 Chrome: https:\/\/support.google.com\/accounts\/answer\/61416?hl=es<\/p>\n<p>\u2013 Safari: http:\/\/safari.helpmax.net\/es\/privacidad-y-seguridad\/como-gestionar-las-cookies\/<\/p>\n<p>\u2013 Opera: http:\/\/help.opera.com\/Linux\/10.60\/es-ES\/cookies.html<\/p>\n<p>In addition, you can also manage your browser\u2019s cookie store using tools such as the following:<\/p>\n<p>\u2013 Ghostery: www.ghostery.com\/<\/p>\n<p>\u2013 Your online choices: www.youronlinechoices.com\/es\/<\/p>\n<p>Cookies used on www.royalhouseofgeorgia.ge<\/p>\n<p>The cookies that are being used on this website are identified below, as well as their type and function:<\/p>\n<p><strong>Acceptance of the Cookies Policy<\/strong><\/p>\n<p>www.royalhouseofgeorgia.ge assumes that you accept the use of cookies. However, it displays information about its Cookie Policy at the bottom or top of any page of the website.<br \/>at the bottom or top of any page of the portal with each login so that you are aware of it.<\/p>\n<p>In view of this information it is possible to carry out the following actions:<\/p>\n<p>\u2013 Accept cookies. This notice will not be displayed again when accessing any page of the portal during the current session.<\/p>\n<p>\u2013 Close. The warning is hidden on this page.<\/p>\n<p>\u2013 Modify your settings. You can find out more about what cookies are, learn about the cookie policy and change your browser settings cookies policy of www.royalhouseofgeorgia.ge and modify the configuration of your browser.<\/p>\n<p>[\/et_pb_text][\/et_pb_column][\/et_pb_row][\/et_pb_section]<\/p>\n","protected":false},"excerpt":{"rendered":"<p>royalhouseofgeorgia.ge informs about the use of cookies on its website: www.royalhouseofgeorgia.ge What are cookies? Cookies are files that can be downloaded to your computer by websites. They are tools that play an essential role in essential for the provision of many information society services.Among other things, they allow a website to store and retrieve information [&hellip;]<\/p>\n","protected":false},"author":1,"featured_media":0,"parent":0,"menu_order":0,"comment_status":"closed","ping_status":"closed","template":"","meta":{"_et_pb_use_builder":"on","_et_pb_old_content":"<!-- wp:heading -->\r\n<h2>Qui\u00e9nes somos<\/h2>\r\n<!-- \/wp:heading --><!-- wp:paragraph -->\r\n<p><strong class=\"privacy-policy-tutorial\">Texto sugerido: <\/strong>La direcci\u00f3n de nuestra web es: http:\/\/www.royalhouseofgeorgia.ge.<\/p>\r\n<!-- \/wp:paragraph --><!-- wp:heading -->\r\n<h2>Comentarios<\/h2>\r\n<!-- \/wp:heading --><!-- wp:paragraph -->\r\n<p><strong class=\"privacy-policy-tutorial\">Texto sugerido: <\/strong>Cuando los visitantes dejan comentarios en la web, recopilamos los datos que se muestran en el formulario de comentarios, as\u00ed como la direcci\u00f3n IP del visitante y la cadena de agentes de usuario del navegador para ayudar a la detecci\u00f3n de spam.<\/p>\r\n<!-- \/wp:paragraph --><!-- wp:paragraph -->\r\n<p>Una cadena an\u00f3nima creada a partir de tu direcci\u00f3n de correo electr\u00f3nico (tambi\u00e9n llamada hash) puede ser proporcionada al servicio de Gravatar para ver si la est\u00e1s usando. La pol\u00edtica de privacidad del servicio Gravatar est\u00e1 disponible aqu\u00ed: https:\/\/automattic.com\/privacy\/. Despu\u00e9s de la aprobaci\u00f3n de tu comentario, la imagen de tu perfil es visible para el p\u00fablico en el contexto de tu comentario.<\/p>\r\n<!-- \/wp:paragraph --><!-- wp:heading -->\r\n<h2>Medios<\/h2>\r\n<!-- \/wp:heading --><!-- wp:paragraph -->\r\n<p><strong class=\"privacy-policy-tutorial\">Texto sugerido: <\/strong>Si subes im\u00e1genes a la web, deber\u00edas evitar subir im\u00e1genes con datos de ubicaci\u00f3n (GPS EXIF) incluidos. Los visitantes de la web pueden descargar y extraer cualquier dato de ubicaci\u00f3n de las im\u00e1genes de la web.<\/p>\r\n<!-- \/wp:paragraph --><!-- wp:heading -->\r\n<h2>Cookies<\/h2>\r\n<!-- \/wp:heading --><!-- wp:paragraph -->\r\n<p><strong class=\"privacy-policy-tutorial\">Texto sugerido: <\/strong>Si dejas un comentario en nuestro sitio puedes elegir guardar tu nombre, direcci\u00f3n de correo electr\u00f3nico y web en cookies. Esto es para tu comodidad, para que no tengas que volver a rellenar tus datos cuando dejes otro comentario. Estas cookies tendr\u00e1n una duraci\u00f3n de un a\u00f1o.<\/p>\r\n<!-- \/wp:paragraph --><!-- wp:paragraph -->\r\n<p>Si tienes una cuenta y te conectas a este sitio, instalaremos una cookie temporal para determinar si tu navegador acepta cookies. Esta cookie no contiene datos personales y se elimina al cerrar el navegador.<\/p>\r\n<!-- \/wp:paragraph --><!-- wp:paragraph -->\r\n<p>Cuando accedas, tambi\u00e9n instalaremos varias cookies para guardar tu informaci\u00f3n de acceso y tus opciones de visualizaci\u00f3n de pantalla. Las cookies de acceso duran dos d\u00edas, y las cookies de opciones de pantalla duran un a\u00f1o. Si seleccionas \u00abRecu\u00e9rdarme\u00bb, tu acceso perdurar\u00e1 durante dos semanas. Si sales de tu cuenta, las cookies de acceso se eliminar\u00e1n.<\/p>\r\n<!-- \/wp:paragraph --><!-- wp:paragraph -->\r\n<p>Si editas o publicas un art\u00edculo se guardar\u00e1 una cookie adicional en tu navegador. Esta cookie no incluye datos personales y simplemente indica el ID del art\u00edculo que acabas de editar. Caduca despu\u00e9s de 1 d\u00eda.<\/p>\r\n<!-- \/wp:paragraph --><!-- wp:heading -->\r\n<h2>Contenido incrustado de otros sitios web<\/h2>\r\n<!-- \/wp:heading --><!-- wp:paragraph -->\r\n<p><strong class=\"privacy-policy-tutorial\">Texto sugerido: <\/strong>Los art\u00edculos de este sitio pueden incluir contenido incrustado (por ejemplo, v\u00eddeos, im\u00e1genes, art\u00edculos, etc.). El contenido incrustado de otras webs se comporta exactamente de la misma manera que si el visitante hubiera visitado la otra web.<\/p>\r\n<!-- \/wp:paragraph --><!-- wp:paragraph -->\r\n<p>Estas web pueden recopilar datos sobre ti, utilizar cookies, incrustar un seguimiento adicional de terceros, y supervisar tu interacci\u00f3n con ese contenido incrustado, incluido el seguimiento de tu interacci\u00f3n con el contenido incrustado si tienes una cuenta y est\u00e1s conectado a esa web.<\/p>\r\n<!-- \/wp:paragraph --><!-- wp:heading -->\r\n<h2>Con qui\u00e9n compartimos tus datos<\/h2>\r\n<!-- \/wp:heading --><!-- wp:paragraph -->\r\n<p><strong class=\"privacy-policy-tutorial\">Texto sugerido: <\/strong>Si solicitas un restablecimiento de contrase\u00f1a, tu direcci\u00f3n IP ser\u00e1 incluida en el correo electr\u00f3nico de restablecimiento.<\/p>\r\n<!-- \/wp:paragraph --><!-- wp:heading -->\r\n<h2>Cu\u00e1nto tiempo conservamos tus datos<\/h2>\r\n<!-- \/wp:heading --><!-- wp:paragraph -->\r\n<p><strong class=\"privacy-policy-tutorial\">Texto sugerido: <\/strong>Si dejas un comentario, el comentario y sus metadatos se conservan indefinidamente. Esto es para que podamos reconocer y aprobar comentarios sucesivos autom\u00e1ticamente, en lugar de mantenerlos en una cola de moderaci\u00f3n.<\/p>\r\n<!-- \/wp:paragraph --><!-- wp:paragraph -->\r\n<p>De los usuarios que se registran en nuestra web (si los hay), tambi\u00e9n almacenamos la informaci\u00f3n personal que proporcionan en su perfil de usuario. Todos los usuarios pueden ver, editar o eliminar su informaci\u00f3n personal en cualquier momento (excepto que no pueden cambiar su nombre de usuario). Los administradores de la web tambi\u00e9n pueden ver y editar esa informaci\u00f3n.<\/p>\r\n<!-- \/wp:paragraph --><!-- wp:heading -->\r\n<h2>Qu\u00e9 derechos tienes sobre tus datos<\/h2>\r\n<!-- \/wp:heading --><!-- wp:paragraph -->\r\n<p><strong class=\"privacy-policy-tutorial\">Texto sugerido: <\/strong>Si tienes una cuenta o has dejado comentarios en esta web, puedes solicitar recibir un archivo de exportaci\u00f3n de los datos personales que tenemos sobre ti, incluyendo cualquier dato que nos hayas proporcionado. Tambi\u00e9n puedes solicitar que eliminemos cualquier dato personal que tengamos sobre ti. Esto no incluye ning\u00fan dato que estemos obligados a conservar con fines administrativos, legales o de seguridad.<\/p>\r\n<!-- \/wp:paragraph --><!-- wp:heading -->\r\n<h2>D\u00f3nde se env\u00edan tus datos<\/h2>\r\n<!-- \/wp:heading --><!-- wp:paragraph -->\r\n<p><strong class=\"privacy-policy-tutorial\">Texto sugerido: <\/strong>Los comentarios de los visitantes puede que los revise un servicio de detecci\u00f3n autom\u00e1tica de spam.<\/p>\r\n<!-- \/wp:paragraph -->","_et_gb_content_width":"","footnotes":""},"class_list":["post-64568","page","type-page","status-publish","hentry"],"yoast_head":"<!-- This site is optimized with the Yoast SEO plugin v27.4 - https:\/\/yoast.com\/product\/yoast-seo-wordpress\/ -->\n<title>Cookies Policy - The Royal House of Georgia<\/title>\n<meta name=\"robots\" content=\"index, follow, max-snippet:-1, max-image-preview:large, max-video-preview:-1\" \/>\n<link rel=\"canonical\" href=\"https:\/\/www.royalhouseofgeorgia.ge\/ka-ge\/cookies-policy\/\" \/>\n<meta property=\"og:locale\" content=\"ka_GE\" \/>\n<meta property=\"og:type\" content=\"article\" \/>\n<meta property=\"og:title\" content=\"Cookies Policy - The Royal House of Georgia\" \/>\n<meta property=\"og:description\" content=\"royalhouseofgeorgia.ge informs about the use of cookies on its website: www.royalhouseofgeorgia.ge What are cookies? Cookies are files that can be downloaded to your computer by websites. They are tools that play an essential role in essential for the provision of many information society services.Among other things, they allow a website to store and retrieve information [&hellip;]\" \/>\n<meta property=\"og:url\" content=\"https:\/\/www.royalhouseofgeorgia.ge\/ka-ge\/cookies-policy\/\" \/>\n<meta property=\"og:site_name\" content=\"The Royal House of Georgia\" \/>\n<meta property=\"article:modified_time\" content=\"2023-12-14T08:47:58+00:00\" \/>\n<meta name=\"twitter:card\" content=\"summary_large_image\" \/>\n<meta name=\"twitter:label1\" content=\"Est. reading time\" \/>\n\t<meta name=\"twitter:data1\" content=\"6 \u10ec\u10e3\u10d7\u10d8\" \/>\n<script type=\"application\/ld+json\" class=\"yoast-schema-graph\">{\"@context\":\"https:\\\/\\\/schema.org\",\"@graph\":[{\"@type\":\"WebPage\",\"@id\":\"https:\\\/\\\/www.royalhouseofgeorgia.ge\\\/ka-ge\\\/cookies-policy\\\/\",\"url\":\"https:\\\/\\\/www.royalhouseofgeorgia.ge\\\/ka-ge\\\/cookies-policy\\\/\",\"name\":\"Cookies Policy - The Royal House of Georgia\",\"isPartOf\":{\"@id\":\"https:\\\/\\\/www.royalhouseofgeorgia.ge\\\/ka-ge\\\/#website\"},\"datePublished\":\"2023-12-14T08:32:30+00:00\",\"dateModified\":\"2023-12-14T08:47:58+00:00\",\"breadcrumb\":{\"@id\":\"https:\\\/\\\/www.royalhouseofgeorgia.ge\\\/ka-ge\\\/cookies-policy\\\/#breadcrumb\"},\"inLanguage\":\"ka-GE\",\"potentialAction\":[{\"@type\":\"ReadAction\",\"target\":[\"https:\\\/\\\/www.royalhouseofgeorgia.ge\\\/ka-ge\\\/cookies-policy\\\/\"]}]},{\"@type\":\"BreadcrumbList\",\"@id\":\"https:\\\/\\\/www.royalhouseofgeorgia.ge\\\/ka-ge\\\/cookies-policy\\\/#breadcrumb\",\"itemListElement\":[{\"@type\":\"ListItem\",\"position\":1,\"name\":\"Portada\",\"item\":\"https:\\\/\\\/www.royalhouseofgeorgia.ge\\\/ka-ge\\\/\"},{\"@type\":\"ListItem\",\"position\":2,\"name\":\"Cookies Policy\"}]},{\"@type\":\"WebSite\",\"@id\":\"https:\\\/\\\/www.royalhouseofgeorgia.ge\\\/ka-ge\\\/#website\",\"url\":\"https:\\\/\\\/www.royalhouseofgeorgia.ge\\\/ka-ge\\\/\",\"name\":\"The Royal House of Georgia\",\"description\":\"\u10e1\u10d0\u10e5\u10d0\u10e0\u10d7\u10d5\u10d4\u10da\u10dd\u10e1 \u10e1\u10d0\u10db\u10d4\u10e4\u10dd \u10e1\u10d0\u10ee\u10da\u10d8\",\"publisher\":{\"@id\":\"https:\\\/\\\/www.royalhouseofgeorgia.ge\\\/ka-ge\\\/#organization\"},\"potentialAction\":[{\"@type\":\"SearchAction\",\"target\":{\"@type\":\"EntryPoint\",\"urlTemplate\":\"https:\\\/\\\/www.royalhouseofgeorgia.ge\\\/ka-ge\\\/?s={search_term_string}\"},\"query-input\":{\"@type\":\"PropertyValueSpecification\",\"valueRequired\":true,\"valueName\":\"search_term_string\"}}],\"inLanguage\":\"ka-GE\"},{\"@type\":\"Organization\",\"@id\":\"https:\\\/\\\/www.royalhouseofgeorgia.ge\\\/ka-ge\\\/#organization\",\"name\":\"The Royal House of Georgia\",\"url\":\"https:\\\/\\\/www.royalhouseofgeorgia.ge\\\/ka-ge\\\/\",\"logo\":{\"@type\":\"ImageObject\",\"inLanguage\":\"ka-GE\",\"@id\":\"https:\\\/\\\/www.royalhouseofgeorgia.ge\\\/ka-ge\\\/#\\\/schema\\\/logo\\\/image\\\/\",\"url\":\"https:\\\/\\\/www.royalhouseofgeorgia.ge\\\/wp-content\\\/uploads\\\/2019\\\/04\\\/cropped-coat-manto2.png\",\"contentUrl\":\"https:\\\/\\\/www.royalhouseofgeorgia.ge\\\/wp-content\\\/uploads\\\/2019\\\/04\\\/cropped-coat-manto2.png\",\"width\":512,\"height\":512,\"caption\":\"The Royal House of Georgia\"},\"image\":{\"@id\":\"https:\\\/\\\/www.royalhouseofgeorgia.ge\\\/ka-ge\\\/#\\\/schema\\\/logo\\\/image\\\/\"}}]}<\/script>\n<!-- \/ Yoast SEO plugin. -->","yoast_head_json":{"title":"Cookies Policy - The Royal House of Georgia","robots":{"index":"index","follow":"follow","max-snippet":"max-snippet:-1","max-image-preview":"max-image-preview:large","max-video-preview":"max-video-preview:-1"},"canonical":"https:\/\/www.royalhouseofgeorgia.ge\/ka-ge\/cookies-policy\/","og_locale":"ka_GE","og_type":"article","og_title":"Cookies Policy - The Royal House of Georgia","og_description":"royalhouseofgeorgia.ge informs about the use of cookies on its website: www.royalhouseofgeorgia.ge What are cookies? Cookies are files that can be downloaded to your computer by websites. They are tools that play an essential role in essential for the provision of many information society services.Among other things, they allow a website to store and retrieve information [&hellip;]","og_url":"https:\/\/www.royalhouseofgeorgia.ge\/ka-ge\/cookies-policy\/","og_site_name":"The Royal House of Georgia","article_modified_time":"2023-12-14T08:47:58+00:00","twitter_card":"summary_large_image","twitter_misc":{"Est. reading time":"6 \u10ec\u10e3\u10d7\u10d8"},"schema":{"@context":"https:\/\/schema.org","@graph":[{"@type":"WebPage","@id":"https:\/\/www.royalhouseofgeorgia.ge\/ka-ge\/cookies-policy\/","url":"https:\/\/www.royalhouseofgeorgia.ge\/ka-ge\/cookies-policy\/","name":"Cookies Policy - The Royal House of Georgia","isPartOf":{"@id":"https:\/\/www.royalhouseofgeorgia.ge\/ka-ge\/#website"},"datePublished":"2023-12-14T08:32:30+00:00","dateModified":"2023-12-14T08:47:58+00:00","breadcrumb":{"@id":"https:\/\/www.royalhouseofgeorgia.ge\/ka-ge\/cookies-policy\/#breadcrumb"},"inLanguage":"ka-GE","potentialAction":[{"@type":"ReadAction","target":["https:\/\/www.royalhouseofgeorgia.ge\/ka-ge\/cookies-policy\/"]}]},{"@type":"BreadcrumbList","@id":"https:\/\/www.royalhouseofgeorgia.ge\/ka-ge\/cookies-policy\/#breadcrumb","itemListElement":[{"@type":"ListItem","position":1,"name":"Portada","item":"https:\/\/www.royalhouseofgeorgia.ge\/ka-ge\/"},{"@type":"ListItem","position":2,"name":"Cookies Policy"}]},{"@type":"WebSite","@id":"https:\/\/www.royalhouseofgeorgia.ge\/ka-ge\/#website","url":"https:\/\/www.royalhouseofgeorgia.ge\/ka-ge\/","name":"The Royal House of Georgia","description":"\u10e1\u10d0\u10e5\u10d0\u10e0\u10d7\u10d5\u10d4\u10da\u10dd\u10e1 \u10e1\u10d0\u10db\u10d4\u10e4\u10dd \u10e1\u10d0\u10ee\u10da\u10d8","publisher":{"@id":"https:\/\/www.royalhouseofgeorgia.ge\/ka-ge\/#organization"},"potentialAction":[{"@type":"SearchAction","target":{"@type":"EntryPoint","urlTemplate":"https:\/\/www.royalhouseofgeorgia.ge\/ka-ge\/?s={search_term_string}"},"query-input":{"@type":"PropertyValueSpecification","valueRequired":true,"valueName":"search_term_string"}}],"inLanguage":"ka-GE"},{"@type":"Organization","@id":"https:\/\/www.royalhouseofgeorgia.ge\/ka-ge\/#organization","name":"The Royal House of Georgia","url":"https:\/\/www.royalhouseofgeorgia.ge\/ka-ge\/","logo":{"@type":"ImageObject","inLanguage":"ka-GE","@id":"https:\/\/www.royalhouseofgeorgia.ge\/ka-ge\/#\/schema\/logo\/image\/","url":"https:\/\/www.royalhouseofgeorgia.ge\/wp-content\/uploads\/2019\/04\/cropped-coat-manto2.png","contentUrl":"https:\/\/www.royalhouseofgeorgia.ge\/wp-content\/uploads\/2019\/04\/cropped-coat-manto2.png","width":512,"height":512,"caption":"The Royal House of Georgia"},"image":{"@id":"https:\/\/www.royalhouseofgeorgia.ge\/ka-ge\/#\/schema\/logo\/image\/"}}]}},"_links":{"self":[{"href":"https:\/\/www.royalhouseofgeorgia.ge\/ka-ge\/wp-json\/wp\/v2\/pages\/64568","targetHints":{"allow":["GET"]}}],"collection":[{"href":"https:\/\/www.royalhouseofgeorgia.ge\/ka-ge\/wp-json\/wp\/v2\/pages"}],"about":[{"href":"https:\/\/www.royalhouseofgeorgia.ge\/ka-ge\/wp-json\/wp\/v2\/types\/page"}],"author":[{"embeddable":true,"href":"https:\/\/www.royalhouseofgeorgia.ge\/ka-ge\/wp-json\/wp\/v2\/users\/1"}],"replies":[{"embeddable":true,"href":"https:\/\/www.royalhouseofgeorgia.ge\/ka-ge\/wp-json\/wp\/v2\/comments?post=64568"}],"version-history":[{"count":0,"href":"https:\/\/www.royalhouseofgeorgia.ge\/ka-ge\/wp-json\/wp\/v2\/pages\/64568\/revisions"}],"wp:attachment":[{"href":"https:\/\/www.royalhouseofgeorgia.ge\/ka-ge\/wp-json\/wp\/v2\/media?parent=64568"}],"curies":[{"name":"wp","href":"https:\/\/api.w.org\/{rel}","templated":true}]}}