{"id":3,"date":"2023-11-10T10:42:42","date_gmt":"2023-11-10T09:42:42","guid":{"rendered":"http:\/\/www.royalhouseofgeorgia.ge\/?page_id=3"},"modified":"2023-12-14T09:48:37","modified_gmt":"2023-12-14T08:48:37","slug":"privacy-policy","status":"publish","type":"page","link":"https:\/\/www.royalhouseofgeorgia.ge\/ka-ge\/privacy-policy\/","title":{"rendered":"Privacy Policy"},"content":{"rendered":"<p>[et_pb_section fb_built=&#8221;1&#8243; _builder_version=&#8221;4.16&#8243; global_colors_info=&#8221;{}&#8221; custom_padding=&#8221;0px|||||&#8221;][et_pb_row _builder_version=&#8221;4.16&#8243; background_size=&#8221;initial&#8221; background_position=&#8221;top_left&#8221; background_repeat=&#8221;repeat&#8221; global_colors_info=&#8221;{}&#8221; custom_padding=&#8221;11px|||||&#8221;][et_pb_column type=&#8221;4_4&#8243; _builder_version=&#8221;4.16&#8243; custom_padding=&#8221;|||&#8221; global_colors_info=&#8221;{}&#8221; custom_padding__hover=&#8221;|||&#8221;][et_pb_heading title=&#8221;Privacy Policy&#8221; _builder_version=&#8221;4.23.1&#8243; _module_preset=&#8221;default&#8221; title_level=&#8221;h2&#8243; global_colors_info=&#8221;{}&#8221;][\/et_pb_heading][et_pb_text _builder_version=&#8221;4.23.1&#8243; background_size=&#8221;initial&#8221; background_position=&#8221;top_left&#8221; background_repeat=&#8221;repeat&#8221; global_colors_info=&#8221;{}&#8221;]<\/p>\n<p><strong>Who we are?<\/strong><\/p>\n<p>Our website address is: https:\/\/royalhouseofgeorgia.ge.<\/p>\n<p><strong>Comments<\/strong><\/p>\n<p>When visitors leave comments on the site, we collect the data displayed in the comment form, as well as the visitor\u2019s IP address and browser user agent string to aid spam detection.<\/p>\n<p>An anonymous string created from your email address (also called a hash) may be provided to the Gravatar service to see if you are using it. The privacy policy for the Gravatar service is available here: https:\/\/automattic.com\/privacy\/. After approval of your comment, your profile picture is visible to the public in the context of your comment.<\/p>\n<p><strong>Media<\/strong><\/p>\n<p>If you upload images to the site, you should avoid uploading images with location data (GPS EXIF) included. Visitors to the site can download and extract any location data from images on the site.<\/p>\n<p><strong>Cookies<\/strong><\/p>\n<p>If you leave a comment on our site you can choose to save your name, email address and website in cookies. This is for your convenience, so you don\u2019t have to fill in your details again when you leave another comment. These cookies will last for one year.<\/p>\n<p>If you have an account and log in to this site, we will set a temporary cookie to determine whether your browser accepts cookies. This cookie contains no personal data and is deleted when you close your browser.<\/p>\n<p>When you log in, we will also set a number of cookies to store your login information and screen display options. The login cookies last for two days, and the display options cookies last for one year. If you select \u201cRemember me\u201d, your login will last for two weeks. If you log out of your account, your login cookies will be deleted.<\/p>\n<p>If you edit or publish an article, an additional cookie will be saved in your browser. This cookie does not contain any personal data and simply indicates the ID of the article you have just edited. It expires after 1 day.<\/p>\n<p><strong>Embedded content from other websites<\/strong><\/p>\n<p>Articles on this site may include embedded content (e.g. videos, images, articles, etc.). Embedded content from other websites behaves in exactly the same way as if the visitor had visited the other website.<\/p>\n<p>These websites may collect data about you, use cookies, embed additional tracking from third parties, and monitor your interaction with that embedded content, including tracking your interaction with the embedded content if you have an account and are logged in to that website.<\/p>\n<p><strong>Who we share your information with<\/strong><\/p>\n<p>If you request a password reset, your IP address will be included in the reset email.<\/p>\n<p><strong>How long we keep your data<\/strong><\/p>\n<p>If you leave a comment, the comment and its metadata are retained indefinitely. This is so that we can recognise and approve successive comments automatically, rather than keeping them in a moderation queue.<\/p>\n<p>For users who register on our site (if any), we also store the personal information they provide in their user profile. All users can view, edit or delete their personal information at any time (except that they cannot change their username). Site administrators can also view and edit this information.<\/p>\n<p><strong>What rights you have over your data<\/strong><\/p>\n<p>If you have an account or have left comments on this site, you can request to receive an export file of the personal data we hold about you, including any data you have provided to us. You can also request that we delete any personal data we hold about you. This does not include any data that we are obliged to keep for administrative, legal or security purposes.<\/p>\n<p><strong>Where we send your data<\/strong><\/p>\n<p>Visitor comments may be reviewed by an automated spam detection service.<\/p>\n<p>[\/et_pb_text][\/et_pb_column][\/et_pb_row][\/et_pb_section]<\/p>\n","protected":false},"excerpt":{"rendered":"<p>Who we are? Our website address is: https:\/\/royalhouseofgeorgia.ge. Comments When visitors leave comments on the site, we collect the data displayed in the comment form, as well as the visitor\u2019s IP address and browser user agent string to aid spam detection. An anonymous string created from your email address (also called a hash) may be [&hellip;]<\/p>\n","protected":false},"author":1,"featured_media":0,"parent":0,"menu_order":0,"comment_status":"closed","ping_status":"closed","template":"","meta":{"_et_pb_use_builder":"on","_et_pb_old_content":"<!-- wp:heading -->\r\n<h2>Qui\u00e9nes somos<\/h2>\r\n<!-- \/wp:heading --><!-- wp:paragraph -->\r\n<p><strong class=\"privacy-policy-tutorial\">Texto sugerido: <\/strong>La direcci\u00f3n de nuestra web es: http:\/\/www.royalhouseofgeorgia.ge.<\/p>\r\n<!-- \/wp:paragraph --><!-- wp:heading -->\r\n<h2>Comentarios<\/h2>\r\n<!-- \/wp:heading --><!-- wp:paragraph -->\r\n<p><strong class=\"privacy-policy-tutorial\">Texto sugerido: <\/strong>Cuando los visitantes dejan comentarios en la web, recopilamos los datos que se muestran en el formulario de comentarios, as\u00ed como la direcci\u00f3n IP del visitante y la cadena de agentes de usuario del navegador para ayudar a la detecci\u00f3n de spam.<\/p>\r\n<!-- \/wp:paragraph --><!-- wp:paragraph -->\r\n<p>Una cadena an\u00f3nima creada a partir de tu direcci\u00f3n de correo electr\u00f3nico (tambi\u00e9n llamada hash) puede ser proporcionada al servicio de Gravatar para ver si la est\u00e1s usando. La pol\u00edtica de privacidad del servicio Gravatar est\u00e1 disponible aqu\u00ed: https:\/\/automattic.com\/privacy\/. Despu\u00e9s de la aprobaci\u00f3n de tu comentario, la imagen de tu perfil es visible para el p\u00fablico en el contexto de tu comentario.<\/p>\r\n<!-- \/wp:paragraph --><!-- wp:heading -->\r\n<h2>Medios<\/h2>\r\n<!-- \/wp:heading --><!-- wp:paragraph -->\r\n<p><strong class=\"privacy-policy-tutorial\">Texto sugerido: <\/strong>Si subes im\u00e1genes a la web, deber\u00edas evitar subir im\u00e1genes con datos de ubicaci\u00f3n (GPS EXIF) incluidos. Los visitantes de la web pueden descargar y extraer cualquier dato de ubicaci\u00f3n de las im\u00e1genes de la web.<\/p>\r\n<!-- \/wp:paragraph --><!-- wp:heading -->\r\n<h2>Cookies<\/h2>\r\n<!-- \/wp:heading --><!-- wp:paragraph -->\r\n<p><strong class=\"privacy-policy-tutorial\">Texto sugerido: <\/strong>Si dejas un comentario en nuestro sitio puedes elegir guardar tu nombre, direcci\u00f3n de correo electr\u00f3nico y web en cookies. Esto es para tu comodidad, para que no tengas que volver a rellenar tus datos cuando dejes otro comentario. Estas cookies tendr\u00e1n una duraci\u00f3n de un a\u00f1o.<\/p>\r\n<!-- \/wp:paragraph --><!-- wp:paragraph -->\r\n<p>Si tienes una cuenta y te conectas a este sitio, instalaremos una cookie temporal para determinar si tu navegador acepta cookies. Esta cookie no contiene datos personales y se elimina al cerrar el navegador.<\/p>\r\n<!-- \/wp:paragraph --><!-- wp:paragraph -->\r\n<p>Cuando accedas, tambi\u00e9n instalaremos varias cookies para guardar tu informaci\u00f3n de acceso y tus opciones de visualizaci\u00f3n de pantalla. Las cookies de acceso duran dos d\u00edas, y las cookies de opciones de pantalla duran un a\u00f1o. Si seleccionas \u00abRecu\u00e9rdarme\u00bb, tu acceso perdurar\u00e1 durante dos semanas. Si sales de tu cuenta, las cookies de acceso se eliminar\u00e1n.<\/p>\r\n<!-- \/wp:paragraph --><!-- wp:paragraph -->\r\n<p>Si editas o publicas un art\u00edculo se guardar\u00e1 una cookie adicional en tu navegador. Esta cookie no incluye datos personales y simplemente indica el ID del art\u00edculo que acabas de editar. Caduca despu\u00e9s de 1 d\u00eda.<\/p>\r\n<!-- \/wp:paragraph --><!-- wp:heading -->\r\n<h2>Contenido incrustado de otros sitios web<\/h2>\r\n<!-- \/wp:heading --><!-- wp:paragraph -->\r\n<p><strong class=\"privacy-policy-tutorial\">Texto sugerido: <\/strong>Los art\u00edculos de este sitio pueden incluir contenido incrustado (por ejemplo, v\u00eddeos, im\u00e1genes, art\u00edculos, etc.). El contenido incrustado de otras webs se comporta exactamente de la misma manera que si el visitante hubiera visitado la otra web.<\/p>\r\n<!-- \/wp:paragraph --><!-- wp:paragraph -->\r\n<p>Estas web pueden recopilar datos sobre ti, utilizar cookies, incrustar un seguimiento adicional de terceros, y supervisar tu interacci\u00f3n con ese contenido incrustado, incluido el seguimiento de tu interacci\u00f3n con el contenido incrustado si tienes una cuenta y est\u00e1s conectado a esa web.<\/p>\r\n<!-- \/wp:paragraph --><!-- wp:heading -->\r\n<h2>Con qui\u00e9n compartimos tus datos<\/h2>\r\n<!-- \/wp:heading --><!-- wp:paragraph -->\r\n<p><strong class=\"privacy-policy-tutorial\">Texto sugerido: <\/strong>Si solicitas un restablecimiento de contrase\u00f1a, tu direcci\u00f3n IP ser\u00e1 incluida en el correo electr\u00f3nico de restablecimiento.<\/p>\r\n<!-- \/wp:paragraph --><!-- wp:heading -->\r\n<h2>Cu\u00e1nto tiempo conservamos tus datos<\/h2>\r\n<!-- \/wp:heading --><!-- wp:paragraph -->\r\n<p><strong class=\"privacy-policy-tutorial\">Texto sugerido: <\/strong>Si dejas un comentario, el comentario y sus metadatos se conservan indefinidamente. Esto es para que podamos reconocer y aprobar comentarios sucesivos autom\u00e1ticamente, en lugar de mantenerlos en una cola de moderaci\u00f3n.<\/p>\r\n<!-- \/wp:paragraph --><!-- wp:paragraph -->\r\n<p>De los usuarios que se registran en nuestra web (si los hay), tambi\u00e9n almacenamos la informaci\u00f3n personal que proporcionan en su perfil de usuario. Todos los usuarios pueden ver, editar o eliminar su informaci\u00f3n personal en cualquier momento (excepto que no pueden cambiar su nombre de usuario). Los administradores de la web tambi\u00e9n pueden ver y editar esa informaci\u00f3n.<\/p>\r\n<!-- \/wp:paragraph --><!-- wp:heading -->\r\n<h2>Qu\u00e9 derechos tienes sobre tus datos<\/h2>\r\n<!-- \/wp:heading --><!-- wp:paragraph -->\r\n<p><strong class=\"privacy-policy-tutorial\">Texto sugerido: <\/strong>Si tienes una cuenta o has dejado comentarios en esta web, puedes solicitar recibir un archivo de exportaci\u00f3n de los datos personales que tenemos sobre ti, incluyendo cualquier dato que nos hayas proporcionado. Tambi\u00e9n puedes solicitar que eliminemos cualquier dato personal que tengamos sobre ti. Esto no incluye ning\u00fan dato que estemos obligados a conservar con fines administrativos, legales o de seguridad.<\/p>\r\n<!-- \/wp:paragraph --><!-- wp:heading -->\r\n<h2>D\u00f3nde se env\u00edan tus datos<\/h2>\r\n<!-- \/wp:heading --><!-- wp:paragraph -->\r\n<p><strong class=\"privacy-policy-tutorial\">Texto sugerido: <\/strong>Los comentarios de los visitantes puede que los revise un servicio de detecci\u00f3n autom\u00e1tica de spam.<\/p>\r\n<!-- \/wp:paragraph -->","_et_gb_content_width":"","footnotes":""},"class_list":["post-3","page","type-page","status-publish","hentry"],"yoast_head":"<!-- This site is optimized with the Yoast SEO plugin v27.4 - https:\/\/yoast.com\/product\/yoast-seo-wordpress\/ -->\n<title>Privacy Policy - The Royal House of Georgia<\/title>\n<meta name=\"robots\" content=\"index, follow, max-snippet:-1, max-image-preview:large, max-video-preview:-1\" \/>\n<link rel=\"canonical\" href=\"https:\/\/www.royalhouseofgeorgia.ge\/ka-ge\/privacy-policy\/\" \/>\n<meta property=\"og:locale\" content=\"ka_GE\" \/>\n<meta property=\"og:type\" content=\"article\" \/>\n<meta property=\"og:title\" content=\"Privacy Policy - The Royal House of Georgia\" \/>\n<meta property=\"og:description\" content=\"Who we are? Our website address is: https:\/\/royalhouseofgeorgia.ge. Comments When visitors leave comments on the site, we collect the data displayed in the comment form, as well as the visitor\u2019s IP address and browser user agent string to aid spam detection. An anonymous string created from your email address (also called a hash) may be [&hellip;]\" \/>\n<meta property=\"og:url\" content=\"https:\/\/www.royalhouseofgeorgia.ge\/ka-ge\/privacy-policy\/\" \/>\n<meta property=\"og:site_name\" content=\"The Royal House of Georgia\" \/>\n<meta property=\"article:modified_time\" content=\"2023-12-14T08:48:37+00:00\" \/>\n<meta name=\"twitter:card\" content=\"summary_large_image\" \/>\n<meta name=\"twitter:label1\" content=\"Est. reading time\" \/>\n\t<meta name=\"twitter:data1\" content=\"3 \u10ec\u10e3\u10d7\u10d8\" \/>\n<script type=\"application\/ld+json\" class=\"yoast-schema-graph\">{\"@context\":\"https:\\\/\\\/schema.org\",\"@graph\":[{\"@type\":\"WebPage\",\"@id\":\"https:\\\/\\\/www.royalhouseofgeorgia.ge\\\/ka-ge\\\/privacy-policy\\\/\",\"url\":\"https:\\\/\\\/www.royalhouseofgeorgia.ge\\\/ka-ge\\\/privacy-policy\\\/\",\"name\":\"Privacy Policy - The Royal House of Georgia\",\"isPartOf\":{\"@id\":\"https:\\\/\\\/www.royalhouseofgeorgia.ge\\\/ka-ge\\\/#website\"},\"datePublished\":\"2023-11-10T09:42:42+00:00\",\"dateModified\":\"2023-12-14T08:48:37+00:00\",\"breadcrumb\":{\"@id\":\"https:\\\/\\\/www.royalhouseofgeorgia.ge\\\/ka-ge\\\/privacy-policy\\\/#breadcrumb\"},\"inLanguage\":\"ka-GE\",\"potentialAction\":[{\"@type\":\"ReadAction\",\"target\":[\"https:\\\/\\\/www.royalhouseofgeorgia.ge\\\/ka-ge\\\/privacy-policy\\\/\"]}]},{\"@type\":\"BreadcrumbList\",\"@id\":\"https:\\\/\\\/www.royalhouseofgeorgia.ge\\\/ka-ge\\\/privacy-policy\\\/#breadcrumb\",\"itemListElement\":[{\"@type\":\"ListItem\",\"position\":1,\"name\":\"Portada\",\"item\":\"https:\\\/\\\/www.royalhouseofgeorgia.ge\\\/ka-ge\\\/\"},{\"@type\":\"ListItem\",\"position\":2,\"name\":\"Privacy Policy\"}]},{\"@type\":\"WebSite\",\"@id\":\"https:\\\/\\\/www.royalhouseofgeorgia.ge\\\/ka-ge\\\/#website\",\"url\":\"https:\\\/\\\/www.royalhouseofgeorgia.ge\\\/ka-ge\\\/\",\"name\":\"The Royal House of Georgia\",\"description\":\"\u10e1\u10d0\u10e5\u10d0\u10e0\u10d7\u10d5\u10d4\u10da\u10dd\u10e1 \u10e1\u10d0\u10db\u10d4\u10e4\u10dd \u10e1\u10d0\u10ee\u10da\u10d8\",\"publisher\":{\"@id\":\"https:\\\/\\\/www.royalhouseofgeorgia.ge\\\/ka-ge\\\/#organization\"},\"potentialAction\":[{\"@type\":\"SearchAction\",\"target\":{\"@type\":\"EntryPoint\",\"urlTemplate\":\"https:\\\/\\\/www.royalhouseofgeorgia.ge\\\/ka-ge\\\/?s={search_term_string}\"},\"query-input\":{\"@type\":\"PropertyValueSpecification\",\"valueRequired\":true,\"valueName\":\"search_term_string\"}}],\"inLanguage\":\"ka-GE\"},{\"@type\":\"Organization\",\"@id\":\"https:\\\/\\\/www.royalhouseofgeorgia.ge\\\/ka-ge\\\/#organization\",\"name\":\"The Royal House of Georgia\",\"url\":\"https:\\\/\\\/www.royalhouseofgeorgia.ge\\\/ka-ge\\\/\",\"logo\":{\"@type\":\"ImageObject\",\"inLanguage\":\"ka-GE\",\"@id\":\"https:\\\/\\\/www.royalhouseofgeorgia.ge\\\/ka-ge\\\/#\\\/schema\\\/logo\\\/image\\\/\",\"url\":\"https:\\\/\\\/www.royalhouseofgeorgia.ge\\\/wp-content\\\/uploads\\\/2019\\\/04\\\/cropped-coat-manto2.png\",\"contentUrl\":\"https:\\\/\\\/www.royalhouseofgeorgia.ge\\\/wp-content\\\/uploads\\\/2019\\\/04\\\/cropped-coat-manto2.png\",\"width\":512,\"height\":512,\"caption\":\"The Royal House of Georgia\"},\"image\":{\"@id\":\"https:\\\/\\\/www.royalhouseofgeorgia.ge\\\/ka-ge\\\/#\\\/schema\\\/logo\\\/image\\\/\"}}]}<\/script>\n<!-- \/ Yoast SEO plugin. -->","yoast_head_json":{"title":"Privacy Policy - The Royal House of Georgia","robots":{"index":"index","follow":"follow","max-snippet":"max-snippet:-1","max-image-preview":"max-image-preview:large","max-video-preview":"max-video-preview:-1"},"canonical":"https:\/\/www.royalhouseofgeorgia.ge\/ka-ge\/privacy-policy\/","og_locale":"ka_GE","og_type":"article","og_title":"Privacy Policy - The Royal House of Georgia","og_description":"Who we are? Our website address is: https:\/\/royalhouseofgeorgia.ge. Comments When visitors leave comments on the site, we collect the data displayed in the comment form, as well as the visitor\u2019s IP address and browser user agent string to aid spam detection. An anonymous string created from your email address (also called a hash) may be [&hellip;]","og_url":"https:\/\/www.royalhouseofgeorgia.ge\/ka-ge\/privacy-policy\/","og_site_name":"The Royal House of Georgia","article_modified_time":"2023-12-14T08:48:37+00:00","twitter_card":"summary_large_image","twitter_misc":{"Est. reading time":"3 \u10ec\u10e3\u10d7\u10d8"},"schema":{"@context":"https:\/\/schema.org","@graph":[{"@type":"WebPage","@id":"https:\/\/www.royalhouseofgeorgia.ge\/ka-ge\/privacy-policy\/","url":"https:\/\/www.royalhouseofgeorgia.ge\/ka-ge\/privacy-policy\/","name":"Privacy Policy - The Royal House of Georgia","isPartOf":{"@id":"https:\/\/www.royalhouseofgeorgia.ge\/ka-ge\/#website"},"datePublished":"2023-11-10T09:42:42+00:00","dateModified":"2023-12-14T08:48:37+00:00","breadcrumb":{"@id":"https:\/\/www.royalhouseofgeorgia.ge\/ka-ge\/privacy-policy\/#breadcrumb"},"inLanguage":"ka-GE","potentialAction":[{"@type":"ReadAction","target":["https:\/\/www.royalhouseofgeorgia.ge\/ka-ge\/privacy-policy\/"]}]},{"@type":"BreadcrumbList","@id":"https:\/\/www.royalhouseofgeorgia.ge\/ka-ge\/privacy-policy\/#breadcrumb","itemListElement":[{"@type":"ListItem","position":1,"name":"Portada","item":"https:\/\/www.royalhouseofgeorgia.ge\/ka-ge\/"},{"@type":"ListItem","position":2,"name":"Privacy Policy"}]},{"@type":"WebSite","@id":"https:\/\/www.royalhouseofgeorgia.ge\/ka-ge\/#website","url":"https:\/\/www.royalhouseofgeorgia.ge\/ka-ge\/","name":"The Royal House of Georgia","description":"\u10e1\u10d0\u10e5\u10d0\u10e0\u10d7\u10d5\u10d4\u10da\u10dd\u10e1 \u10e1\u10d0\u10db\u10d4\u10e4\u10dd \u10e1\u10d0\u10ee\u10da\u10d8","publisher":{"@id":"https:\/\/www.royalhouseofgeorgia.ge\/ka-ge\/#organization"},"potentialAction":[{"@type":"SearchAction","target":{"@type":"EntryPoint","urlTemplate":"https:\/\/www.royalhouseofgeorgia.ge\/ka-ge\/?s={search_term_string}"},"query-input":{"@type":"PropertyValueSpecification","valueRequired":true,"valueName":"search_term_string"}}],"inLanguage":"ka-GE"},{"@type":"Organization","@id":"https:\/\/www.royalhouseofgeorgia.ge\/ka-ge\/#organization","name":"The Royal House of Georgia","url":"https:\/\/www.royalhouseofgeorgia.ge\/ka-ge\/","logo":{"@type":"ImageObject","inLanguage":"ka-GE","@id":"https:\/\/www.royalhouseofgeorgia.ge\/ka-ge\/#\/schema\/logo\/image\/","url":"https:\/\/www.royalhouseofgeorgia.ge\/wp-content\/uploads\/2019\/04\/cropped-coat-manto2.png","contentUrl":"https:\/\/www.royalhouseofgeorgia.ge\/wp-content\/uploads\/2019\/04\/cropped-coat-manto2.png","width":512,"height":512,"caption":"The Royal House of Georgia"},"image":{"@id":"https:\/\/www.royalhouseofgeorgia.ge\/ka-ge\/#\/schema\/logo\/image\/"}}]}},"_links":{"self":[{"href":"https:\/\/www.royalhouseofgeorgia.ge\/ka-ge\/wp-json\/wp\/v2\/pages\/3","targetHints":{"allow":["GET"]}}],"collection":[{"href":"https:\/\/www.royalhouseofgeorgia.ge\/ka-ge\/wp-json\/wp\/v2\/pages"}],"about":[{"href":"https:\/\/www.royalhouseofgeorgia.ge\/ka-ge\/wp-json\/wp\/v2\/types\/page"}],"author":[{"embeddable":true,"href":"https:\/\/www.royalhouseofgeorgia.ge\/ka-ge\/wp-json\/wp\/v2\/users\/1"}],"replies":[{"embeddable":true,"href":"https:\/\/www.royalhouseofgeorgia.ge\/ka-ge\/wp-json\/wp\/v2\/comments?post=3"}],"version-history":[{"count":0,"href":"https:\/\/www.royalhouseofgeorgia.ge\/ka-ge\/wp-json\/wp\/v2\/pages\/3\/revisions"}],"wp:attachment":[{"href":"https:\/\/www.royalhouseofgeorgia.ge\/ka-ge\/wp-json\/wp\/v2\/media?parent=3"}],"curies":[{"name":"wp","href":"https:\/\/api.w.org\/{rel}","templated":true}]}}